{"id":1148,"date":"2013-09-18T13:39:00","date_gmt":"2013-09-18T13:39:00","guid":{"rendered":"http:\/\/pixelgrade.com\/demos\/lens\/?page_id=68"},"modified":"2017-01-20T20:18:22","modified_gmt":"2017-01-20T20:18:22","slug":"techniken","status":"publish","type":"page","link":"https:\/\/elisabethmauracher.at\/de\/techniken\/","title":{"rendered":"Techniken"},"content":{"rendered":"<p>Jeder Stoffart liegt ein starkes Eigenleben zugrunde. Abh\u00e4ngig davon, ob es sich um altes Leinen, Seide, Baumwollstoffe oder Vlieseline handelt, m\u00fcssen sie unterschiedlich bearbeitet werden.<\/p>\n<p>Jeder Stoff verlangt und er\u00f6ffnet zugleich einen eigenen Arbeitsprozess: Ruhepausen und Neu- bzw. Umgestaltungen w\u00e4hrend des kreativen Vorgangs sind durchaus m\u00f6glich. So gibt es Bilder, die begonnen, aber erst sp\u00e4ter beendet werden.<\/p>\n<p>Die K\u00fcnstlerin arbeitet wohldurchdacht mit Acryl- und Stofffarben, \u00d6lkreiden, Tusche und Tuschestiften.<\/p>\n<p>Ihre Stoffe werden nicht grundiert, deren urspr\u00fcngliche Struktur bleibt als Grund erhalten. Die tats\u00e4chliche Oberfl\u00e4che sowie eingewobene Elemente, Kreuzstich-Motive oder gestickte Monogramme, die das textile Material bereits tr\u00e4gt, werden zu Elementen des Werks.<\/p>\n","protected":false},"excerpt":{"rendered":"<p>Jeder Stoffart liegt ein starkes Eigenleben zugrunde. Abh\u00e4ngig davon, ob es sich um altes Leinen, Seide, Baumwollstoffe oder Vlieseline handelt, m\u00fcssen sie unterschiedlich bearbeitet werden. Jeder Stoff verlangt und er\u00f6ffnet zugleich einen eigenen Arbeitsprozess: Ruhepausen und Neu- bzw. Umgestaltungen w\u00e4hrend des kreativen Vorgangs sind durchaus m\u00f6glich. So gibt es Bilder, [&hellip;]<\/p>\n","protected":false},"author":2,"featured_media":1794,"parent":0,"menu_order":13,"comment_status":"open","ping_status":"open","template":"","meta":[],"_links":{"self":[{"href":"https:\/\/elisabethmauracher.at\/de\/wp-json\/wp\/v2\/pages\/1148\/"}],"collection":[{"href":"https:\/\/elisabethmauracher.at\/de\/wp-json\/wp\/v2\/pages\/"}],"about":[{"href":"https:\/\/elisabethmauracher.at\/de\/wp-json\/wp\/v2\/types\/page\/"}],"author":[{"embeddable":true,"href":"https:\/\/elisabethmauracher.at\/de\/wp-json\/wp\/v2\/users\/2\/"}],"replies":[{"embeddable":true,"href":"https:\/\/elisabethmauracher.at\/de\/wp-json\/wp\/v2\/comments\/?post=1148"}],"version-history":[{"count":5,"href":"https:\/\/elisabethmauracher.at\/de\/wp-json\/wp\/v2\/pages\/1148\/revisions\/"}],"predecessor-version":[{"id":2608,"href":"https:\/\/elisabethmauracher.at\/de\/wp-json\/wp\/v2\/pages\/1148\/revisions\/2608\/"}],"wp:featuredmedia":[{"embeddable":true,"href":"https:\/\/elisabethmauracher.at\/de\/wp-json\/wp\/v2\/media\/1794\/"}],"wp:attachment":[{"href":"https:\/\/elisabethmauracher.at\/de\/wp-json\/wp\/v2\/media\/?parent=1148"}],"curies":[{"name":"wp","href":"https:\/\/api.w.org\/{rel}","templated":true}]}}