{"id":1138,"date":"2019-04-02T11:50:46","date_gmt":"2019-04-02T11:50:46","guid":{"rendered":"http:\/\/pixelgrade.com\/demos\/lens\/?page_id=49"},"modified":"2024-09-19T08:49:03","modified_gmt":"2024-09-19T08:49:03","slug":"biografie","status":"publish","type":"page","link":"https:\/\/elisabethmauracher.at\/biografie\/","title":{"rendered":"Biografie"},"content":{"rendered":"<p>F\u00fcr Elisabeth Mauracher begann die Besch\u00e4ftigung und Auseinandersetzung mit der Malerei schon in der Kindheit: Sie genoss es, in der sch\u00f6nen Kunstdrucksammlung der Mutter zu st\u00f6bern; es beeindruckten sie vor allem die Farbdrucke von Mir\u00f3, Chagall und Klimt. Sie \u00fcbten eine gro\u00dfe Wirkung auf das junge M\u00e4dchen aus und es entstand sofort eine tiefe Beziehung zu Farben und Formen.<\/p>\n<p>Schon als Jugendliche nahm Elisabeth Mauracher den Pinsel zur Hand, wobei sie seit Anbeginn versuchte eigene Wege zu gehen. Das Zusammenspiel verschiedener textiler Materialien faszinierte sie bereits damals und sie erkannte sehr fr\u00fch, dass die Malerei f\u00fcr sie das beste Medium darstellte, um pers\u00f6nliche Empfindungen und Erfahrungen auszudr\u00fccken.<\/p>\n<p>Elisabeth Mauracher beteiligt sich seit 1980 an Ausstellungen und sukzessive erlernte sie die unterschiedlichsten Maltechniken: Aquarell, Acryl, Radierung, Collagen u.v.m.<\/p>\n<hr class=\"pixcode  pixcode--separator  separator separator--dotted\"\/>\n<p><strong>KUNSTWERKE UND AUSSTELLUNGEN<\/strong><\/p>\n<ul>\n<li>2000 Ausstellung im B\u00fcro f\u00fcr Frauenkunst des Landes Salzburg, &#8220;<em>artemisia-mentoring in der Frauenkunst<\/em>&#8220;.<\/li>\n<li>2000 Galerie Con Animo Hundsmarktm\u00fchle, &#8220;<em>von Landschaft getr\u00e4umt<\/em>&#8220;<\/li>\n<li>2003 Galerie Con Animo Stift Mattsee, &#8220;<em>rabenschwarz und mondscheinich<\/em>&#8220;<\/li>\n<li>2006 BV Berchtoldvilla, &#8220;<em>Frauenzimmer update<\/em>&#8220;<\/li>\n<li>2007 Publikation, SALZ zeitschrift f\u00fcr literatur<\/li>\n<li>2009 Ausstellung Festung Hohensalzburg, &#8220;<em>Au\u00dferirdisch \u2013 Innerirdisch<\/em>\u201c<\/li>\n<li>2010 Buchcover, &#8220;<em>Eine Hand Voll Mond<\/em>&#8221; von Gerlinde Weinm\u00fcller<\/li>\n<li>2013 BV Berchtoldvilla, &#8220;<em>Jedermanns Totentanz<\/em>&#8220;<\/li>\n<li>2014 Gemeinschaftsausstellung Vilnius, Litauen, &#8220;<em>Grafikkunst aus Salzbur<\/em>g&#8221;<\/li>\n<li>2014 Gemeinschaftsausstellung Wien, ega: frauen im zentrum, &#8220;<em>erfrischend altverganges<\/em>&#8220;<\/li>\n<li>2014 BV Berchtoldvilla, &#8220;<em>Der Mensch im Mittelpunkt<\/em>&#8220;<\/li>\n<li>2015 Abschlussausstellung Detmold, Deutschland, &#8220;<em>Im Namen der Lippischen Rose<\/em>&#8220;, Kunst + Design 2015<\/li>\n<li>2015 Galerie im alten Feuerwehrhaus, Freilassing Deutschland, &#8220;<em>Tr\u00e4ume wachsen \u00fcberall<\/em>&#8220;<\/li>\n<li>2015 BV Berchtoldvilla, &#8220;<em>DIN A4<\/em>&#8220;<\/li>\n<li>2016 Kunst in der\u00a0GWS, Gesch\u00fctzte Werkst\u00e4tten Salzburg, &#8220;<em>Querschnitt<\/em>&#8220;<\/li>\n<li>2017 Galerie Bertrand Kass Innsbruck,\u00a0 &#8220;<em>erz\u00e4hlen von jetzt und damals<\/em>&#8220;<\/li>\n<li>2018 BV Berchtoldvilla, <em>&#8220;Schein und Sein\u201c<\/em><\/li>\n<li>2019 BV Berchtoldvilla Fotografie Gemeinschaftsausstellung<\/li>\n<li>2020 Illustration und Text Bilderbuch \u201e<em>Was willst du? Was will ich?<\/em>\u201c erschienen im Innsalz Verlag<\/li>\n<li>2021 BV Berchtholdvilla \u201e<em>Ins weite Land<\/em>\u201c Gemeinschaftsausstellung<\/li>\n<li>2021 BV Kunstsalon Schloss Sch\u00f6nbrunn, \u201e<em>Lieblingsst\u00fccke<\/em>\u201c<\/li>\n<li>2022 Galerie KUBUS Primmersdorf, \u201e<em>Spiegel der Menschen im Laufe der Zeit<\/em>\u201c<\/li>\n<li>2023 BV KunstsalonSchloss Sch\u00f6nbrunn, Wien \u201eDer rote Faden\u201c<\/li>\n<li>2024 Galerie im Turm, Baden\u00a0 b.Wien\u00a0 \u201etotgeliebt\u201c<\/li>\n<\/ul>\n<p><a title=\"Facebook\" href=\"http:\/\/facebook.com\" target=\"_blank\" rel=\"noopener noreferrer\"><i class=\"pixcode  pixcode--icon  icon-facebook    small  \"><\/i><\/a><a title=\"Facebook\" href=\"http:\/\/facebook.com\" target=\"_blank\" rel=\"noopener noreferrer\">Facebook<\/a>\u00a0 \u00a0 \u00a0\u00a0<a title=\"Twitter\" href=\"http:\/\/twitter.com\" target=\"_blank\" rel=\"noopener noreferrer\"><i class=\"pixcode  pixcode--icon  icon-twitter    small  \"><\/i><\/a><a title=\"Twitter\" href=\"http:\/\/twitter.com\" target=\"_blank\" rel=\"noopener noreferrer\">Twitter<\/a>\u00a0 \u00a0 \u00a0\u00a0<a title=\"Pinterest\" href=\"http:\/\/pinterest.com\" target=\"_blank\" rel=\"noopener noreferrer\"><i class=\"pixcode  pixcode--icon  icon-pinterest    small  \"><\/i><\/a><a title=\"Pinterest\" href=\"http:\/\/pinterest.com\" target=\"_blank\" rel=\"noopener noreferrer\">Pinterest<\/a><\/p>\n<hr class=\"pixcode  pixcode--separator  separator separator--striped\"\/>\n<div class=\"pixslider js-pixslider\" data-arrows data-bullets data-autoheight data-slidertransition=\"move\"><\/div>\n<div class=\"slide\">\n<blockquote class=\"pixcode  pixcode--testimonial  testimonial testimonial--small-text\">\n    <div class=\"testimonial__content\">\n<p><em><b>einstand<br \/>\n<\/b><\/em>den Kopf auf<br \/>\ndie leichte Schulter<br \/>\nnehmen<br \/>\nund dann<br \/>\nauf H\u00e4nden tragen<br \/>\nden neuen Blick<\/p>\n<\/div>\n\n    \n                    <a href=\"http:\/\/www.gerlinde-weinmueller.at\/view\/index.html?\">\n        \n            <div class=\"testimonial__author-name\">Gerlinde Weinm\u00fcller<\/div>\n        \n                    <\/a>\n        \n                    <div class=\"testimonial__author-title\">Gedichtband '<em>stand.halten'<\/em><\/div>\n        \n    <\/blockquote>\n\n<\/div>\n","protected":false},"excerpt":{"rendered":"<p>F\u00fcr Elisabeth Mauracher begann die Besch\u00e4ftigung und Auseinandersetzung mit der Malerei schon in der Kindheit: Sie genoss es, in der sch\u00f6nen Kunstdrucksammlung der Mutter zu st\u00f6bern; es beeindruckten sie vor allem die Farbdrucke von Mir\u00f3, Chagall und Klimt. Sie \u00fcbten eine gro\u00dfe Wirkung auf das junge M\u00e4dchen aus und es [&hellip;]<\/p>\n","protected":false},"author":2,"featured_media":2259,"parent":0,"menu_order":14,"comment_status":"closed","ping_status":"closed","template":"","meta":[],"_links":{"self":[{"href":"https:\/\/elisabethmauracher.at\/de\/wp-json\/wp\/v2\/pages\/1138\/"}],"collection":[{"href":"https:\/\/elisabethmauracher.at\/de\/wp-json\/wp\/v2\/pages\/"}],"about":[{"href":"https:\/\/elisabethmauracher.at\/de\/wp-json\/wp\/v2\/types\/page\/"}],"author":[{"embeddable":true,"href":"https:\/\/elisabethmauracher.at\/de\/wp-json\/wp\/v2\/users\/2\/"}],"replies":[{"embeddable":true,"href":"https:\/\/elisabethmauracher.at\/de\/wp-json\/wp\/v2\/comments\/?post=1138"}],"version-history":[{"count":40,"href":"https:\/\/elisabethmauracher.at\/de\/wp-json\/wp\/v2\/pages\/1138\/revisions\/"}],"predecessor-version":[{"id":3738,"href":"https:\/\/elisabethmauracher.at\/de\/wp-json\/wp\/v2\/pages\/1138\/revisions\/3738\/"}],"wp:featuredmedia":[{"embeddable":true,"href":"https:\/\/elisabethmauracher.at\/de\/wp-json\/wp\/v2\/media\/2259\/"}],"wp:attachment":[{"href":"https:\/\/elisabethmauracher.at\/de\/wp-json\/wp\/v2\/media\/?parent=1138"}],"curies":[{"name":"wp","href":"https:\/\/api.w.org\/{rel}","templated":true}]}}